{"id":106,"date":"2015-06-28T13:54:15","date_gmt":"2015-06-28T13:54:15","guid":{"rendered":"http:\/\/art-chiemsee.com\/wordpress\/?page_id=106"},"modified":"2018-05-31T09:23:31","modified_gmt":"2018-05-31T09:23:31","slug":"workshops","status":"publish","type":"page","link":"https:\/\/art-chiemsee.com\/wordpress\/?page_id=106","title":{"rendered":"WORKSHOPS"},"content":{"rendered":"<div style=\"background-color: #efefef; background-image: url();\" class=\"main-row wpb_row vc_row-fluid  full-width      \">\n\t<div class=\"vc_span6 wpb_column column_container\">\n\t\t<div class=\"wpb_wrapper\">\n\t\t\t\n\t<div class=\"wpb_tabs wpb_content_element\" data-interval=\"0\">\n\t\t<div class=\"wpb_wrapper wpb_tour_tabs_wrapper ui-tabs clearfix\">\n\t\t\t<ul class=\"wpb_tabs_nav ui-tabs-nav clearfix\"><li><a href=\"#tab-1435685559-1-93\">Generelles<\/a><\/li><\/ul>\n\n\t\t\t\n\t\t\t<div id=\"tab-1435685559-1-93\" class=\"wpb_tab ui-tabs-panel wpb_ui-tabs-hide clearfix\">\n\t\t\t\t\n\t<div class=\"wpb_text_column wpb_content_element \">\n\t\t<div class=\"wpb_wrapper\">\n\t\t\t<p>Workshops sind ein m\u00f6glicher Weg in der Entwicklung der eigenen k\u00fcnstlerischen Vielfalt, nat\u00fcrlich muss das jeder f\u00fcr sich selbst entscheiden. In der gemeinsamen Arbeit, oft \u00fcber Tage, findet ein reger Austausch mit anderen K\u00fcnstlern\/innen statt, bei dem sich oft neue Wege und Arbeitsweisen \u00f6ffnen.<\/p>\n<p>Auch entstehen Diskussionen, in denen man auch seinen Standpunkt zur eigenen k\u00fcnstlerischen Arbeit mit anderen \u00fcberpr\u00fcfen kann. Oft werden hierbei neue Denk- und Arbeitsprozesse initiiert, die durchaus f\u00fcr das Weiterkommen der zuk\u00fcnftigen k\u00fcnstlerischen Ausrichtung ausschlaggebend sein k\u00f6nnen.<\/p>\n<p>Nebenbei entstehen oft langj\u00e4hrige Freundschaften oder auch die Verabredung zur Organisation neuer Workshops oder Ausstellungen.<\/p>\n<p>Die von mir gef\u00fchrten Workshops besch\u00e4ftigen sich haupts\u00e4chlich mit gegenst\u00e4ndlichem und perspektivischem Arbeiten und der Umsetzung in die malerische Praxis, haupts\u00e4chlich mit Acryl und Mischtechniken. Aber auch der weiterf\u00fchrende, abstrakte Prozess und das Mischen von Farbpaletten findet je nach Workshop Ber\u00fccksichtigung .<\/p>\n<p>Bislang gab es Auslands-Workshops in \u00d6sterreich, Kroatien und Griechenland.<\/p>\n<p>Zurzeit sind keine weiteren Workshops in Planung.<\/p>\n\n\t\t<\/div> \n\t<\/div> \n\t\t\t<\/div> \n\t\t<\/div> \n\t<\/div> \n\t\t<\/div> \n\t<\/div> \n\n\t<div class=\"vc_span6 wpb_column column_container\">\n\t\t<div class=\"wpb_wrapper\">\n\t\t\t\n\t<div class=\"wpb_single_image wpb_content_element wpb_animate_when_almost_visible wpb_appear vc_align_right\">\n\t\t<div class=\"wpb_wrapper\">\n\t\t\t\n\t\t\t<img width=\"500\" height=\"750\" src=\"https:\/\/art-chiemsee.com\/wordpress\/wp-content\/uploads\/2015\/06\/Anne.jpg\" class=\"attachment-large size-large\" alt=\"\" loading=\"lazy\" srcset=\"https:\/\/art-chiemsee.com\/wordpress\/wp-content\/uploads\/2015\/06\/Anne.jpg 500w, https:\/\/art-chiemsee.com\/wordpress\/wp-content\/uploads\/2015\/06\/Anne-200x300.jpg 200w\" sizes=\"(max-width: 500px) 100vw, 500px\" \/>\n\t\t<\/div> \n\t<\/div> \n\t\t<\/div> \n\t<\/div> \n<\/div>\n","protected":false},"excerpt":{"rendered":"Generelles Workshops sind ein m\u00f6glicher Weg in der Entwicklung der eigenen k\u00fcnstlerischen Vielfalt, nat\u00fcrlich muss das jeder f\u00fcr sich selbst entscheiden. In der gemeinsamen Arbeit, oft \u00fcber Tage, findet ein reger Austausch mit anderen K\u00fcnstlern\/innen statt, bei dem sich oft neue Wege und Arbeitsweisen \u00f6ffnen. Auch entstehen Diskussionen, in denen man auch seinen Standpunkt zur eigenen k\u00fcnstlerischen Arbeit mit anderen \u00fcberpr\u00fcfen kann. Oft werden hierbei neue Denk- und Arbeitsprozesse initiiert, die durchaus f\u00fcr das Weiterkommen der zuk\u00fcnftigen k\u00fcnstlerischen Ausrichtung ausschlaggebend sein k\u00f6nnen. Nebenbei entstehen oft langj\u00e4hrige Freundschaften oder auch die Verabredung zur Organisation neuer Workshops oder Ausstellungen. Die von mir gef\u00fchrten Workshops besch\u00e4ftigen sich haupts\u00e4chlich mit gegenst\u00e4ndlichem und perspektivischem Arbeiten und der Umsetzung in die malerische Praxis, haupts\u00e4chlich mit Acryl und Mischtechniken. Aber auch der weiterf\u00fchrende, abstrakte Prozess und das Mischen von Farbpaletten findet je nach Workshop Ber\u00fccksichtigung . Bislang gab es Auslands-Workshops in \u00d6sterreich, Kroatien und Griechenland. Zurzeit sind<br><br><a class=\"read-more\" href=\"https:\/\/art-chiemsee.com\/wordpress\/?page_id=106\">Read more<\/a>","protected":false},"author":2,"featured_media":0,"parent":0,"menu_order":0,"comment_status":"open","ping_status":"open","template":"","meta":[],"_links":{"self":[{"href":"https:\/\/art-chiemsee.com\/wordpress\/index.php?rest_route=\/wp\/v2\/pages\/106"}],"collection":[{"href":"https:\/\/art-chiemsee.com\/wordpress\/index.php?rest_route=\/wp\/v2\/pages"}],"about":[{"href":"https:\/\/art-chiemsee.com\/wordpress\/index.php?rest_route=\/wp\/v2\/types\/page"}],"author":[{"embeddable":true,"href":"https:\/\/art-chiemsee.com\/wordpress\/index.php?rest_route=\/wp\/v2\/users\/2"}],"replies":[{"embeddable":true,"href":"https:\/\/art-chiemsee.com\/wordpress\/index.php?rest_route=%2Fwp%2Fv2%2Fcomments&post=106"}],"version-history":[{"count":33,"href":"https:\/\/art-chiemsee.com\/wordpress\/index.php?rest_route=\/wp\/v2\/pages\/106\/revisions"}],"predecessor-version":[{"id":357,"href":"https:\/\/art-chiemsee.com\/wordpress\/index.php?rest_route=\/wp\/v2\/pages\/106\/revisions\/357"}],"wp:attachment":[{"href":"https:\/\/art-chiemsee.com\/wordpress\/index.php?rest_route=%2Fwp%2Fv2%2Fmedia&parent=106"}],"curies":[{"name":"wp","href":"https:\/\/api.w.org\/{rel}","templated":true}]}}