{"id":12,"date":"2015-06-06T13:15:01","date_gmt":"2015-06-06T13:15:01","guid":{"rendered":"http:\/\/art-chiemsee.com\/wordpress\/?page_id=12"},"modified":"2015-07-05T11:32:30","modified_gmt":"2015-07-05T11:32:30","slug":"landschaften","status":"publish","type":"page","link":"https:\/\/art-chiemsee.com\/wordpress\/?page_id=12","title":{"rendered":"Gegenst\u00e4ndlich"},"content":{"rendered":"<div style=\"background-color: #efefef; background-image: url();\" class=\"main-row wpb_row vc_row-fluid  full-width   margin-bottom-0 margin-top-0 padding-bottom-0 padding-top-0    \">\n\t<div class=\"vc_span12 wpb_column column_container\">\n\t\t<div class=\"wpb_wrapper\">\n\t\t\t<div class=\"wpb_revslider_element wpb_content_element\">\n<div id=\"rev_slider_3_1_wrapper\" class=\"rev_slider_wrapper fullwidthbanner-container\" style=\"margin:0px auto;background-color:#E9E9E9;padding:0px;margin-top:0px;margin-bottom:0px;max-height:700px;\">\n<!-- START REVOLUTION SLIDER 4.6.5 fullwidth mode -->\n\t<div id=\"rev_slider_3_1\" class=\"rev_slider fullwidthabanner\" style=\"display:none;max-height:700px;height:700px;\">\n<ul>\t<!-- SLIDE  -->\n\t<li data-transition=\"zoomin\" data-slotamount=\"7\" data-masterspeed=\"2000\"  data-saveperformance=\"on\" >\n\t\t<!-- MAIN IMAGE -->\n\t\t<img src=\"https:\/\/art-chiemsee.com\/wordpress\/wp-content\/plugins\/revslider\/images\/dummy.png\"  alt=\"P1010026\" data-lazyload=\"https:\/\/art-chiemsee.com\/wordpress\/wp-content\/uploads\/2015\/07\/P1010026.jpg\" data-bgposition=\"center center\" data-bgfit=\"contain\" data-bgrepeat=\"no-repeat\">\n\t\t<!-- LAYERS -->\n\n\t\t<!-- LAYER NR. 1 -->\n\t\t<div class=\"tp-caption kaffee400 tp-fade fadeout tp-resizeme\" \n\t\t\t data-x=\"866\" \n\t\t\t data-y=\"563\"  \n\t\t\tdata-speed=\"1000\" \n\t\t\tdata-start=\"0\" \n\t\t\tdata-easing=\"Linear.easeNone\" \n\t\t\tdata-splitin=\"none\" \n\t\t\tdata-splitout=\"none\" \n\t\t\tdata-elementdelay=\"0.1\" \n\t\t\tdata-endelementdelay=\"0.1\" \n\t\t\t data-endspeed=\"1200\" \n\n\t\t\tstyle=\"z-index: 5; max-width: auto; max-height: auto; white-space: nowrap;\"> \n\t\t<\/div>\n\t<\/li>\n\t<!-- SLIDE  -->\n\t<li data-transition=\"zoomin\" data-slotamount=\"7\" data-masterspeed=\"2000\"  data-saveperformance=\"off\" >\n\t\t<!-- MAIN IMAGE -->\n\t\t<img src=\"https:\/\/art-chiemsee.com\/wordpress\/wp-content\/plugins\/revslider\/images\/dummy.png\"  alt=\"Loferer1\" data-lazyload=\"https:\/\/art-chiemsee.com\/wordpress\/wp-content\/uploads\/2015\/06\/Loferer1.jpg\" data-bgposition=\"center center\" data-bgfit=\"contain\" data-bgrepeat=\"no-repeat\">\n\t\t<!-- LAYERS -->\n\n\t\t<!-- LAYER NR. 1 -->\n\t\t<div class=\"tp-caption kaffee400 tp-fade fadeout tp-resizeme\" \n\t\t\t data-x=\"873\" \n\t\t\t data-y=\"564\"  \n\t\t\tdata-speed=\"1000\" \n\t\t\tdata-start=\"1000\" \n\t\t\tdata-easing=\"Linear.easeNone\" \n\t\t\tdata-splitin=\"none\" \n\t\t\tdata-splitout=\"none\" \n\t\t\tdata-elementdelay=\"0.1\" \n\t\t\tdata-endelementdelay=\"0.1\" \n\t\t\t data-end=\"3800\" \n data-endspeed=\"1200\" \n\n\t\t\tstyle=\"z-index: 5; max-width: auto; max-height: auto; white-space: nowrap;\"> \n\t\t<\/div>\n\t<\/li>\n\t<!-- SLIDE  -->\n\t<li data-transition=\"zoomin\" data-slotamount=\"7\" data-masterspeed=\"2000\"  data-saveperformance=\"off\" >\n\t\t<!-- MAIN IMAGE -->\n\t\t<img src=\"https:\/\/art-chiemsee.com\/wordpress\/wp-content\/plugins\/revslider\/images\/dummy.png\"  alt=\"torbogen\" data-lazyload=\"https:\/\/art-chiemsee.com\/wordpress\/wp-content\/uploads\/2015\/06\/torbogen.jpg\" data-bgposition=\"center center\" data-bgfit=\"contain\" data-bgrepeat=\"no-repeat\">\n\t\t<!-- LAYERS -->\n\n\t\t<!-- LAYER NR. 1 -->\n\t\t<div class=\"tp-caption kaffee400 tp-fade fadeout tp-resizeme\" \n\t\t\t data-x=\"659\" \n\t\t\t data-y=\"586\"  \n\t\t\tdata-speed=\"1000\" \n\t\t\tdata-start=\"1000\" \n\t\t\tdata-easing=\"Linear.easeNone\" \n\t\t\tdata-splitin=\"none\" \n\t\t\tdata-splitout=\"none\" \n\t\t\tdata-elementdelay=\"0.1\" \n\t\t\tdata-endelementdelay=\"0.1\" \n\t\t\t data-end=\"3800\" \n data-endspeed=\"1200\" \n\n\t\t\tstyle=\"z-index: 5; max-width: auto; max-height: auto; white-space: nowrap;\"> \n\t\t<\/div>\n\t<\/li>\n\t<!-- SLIDE  -->\n\t<li data-transition=\"zoomin\" data-slotamount=\"7\" data-masterspeed=\"2000\"  data-saveperformance=\"off\" >\n\t\t<!-- MAIN IMAGE -->\n\t\t<img src=\"https:\/\/art-chiemsee.com\/wordpress\/wp-content\/plugins\/revslider\/images\/dummy.png\"  alt=\"amphoren\" data-lazyload=\"https:\/\/art-chiemsee.com\/wordpress\/wp-content\/uploads\/2015\/06\/amphoren.jpg\" data-bgposition=\"center center\" data-bgfit=\"contain\" data-bgrepeat=\"no-repeat\">\n\t\t<!-- LAYERS -->\n\n\t\t<!-- LAYER NR. 1 -->\n\t\t<div class=\"tp-caption kaffee400 tp-fade fadeout tp-resizeme\" \n\t\t\t data-x=\"565\" \n\t\t\t data-y=\"588\"  \n\t\t\tdata-speed=\"1000\" \n\t\t\tdata-start=\"1000\" \n\t\t\tdata-easing=\"Linear.easeNone\" \n\t\t\tdata-splitin=\"none\" \n\t\t\tdata-splitout=\"none\" \n\t\t\tdata-elementdelay=\"0.1\" \n\t\t\tdata-endelementdelay=\"0.1\" \n\t\t\t data-end=\"3800\" \n data-endspeed=\"1200\" \n\n\t\t\tstyle=\"z-index: 5; max-width: auto; max-height: auto; white-space: nowrap;\"> \n\t\t<\/div>\n\t<\/li>\n\t<!-- SLIDE  -->\n\t<li data-transition=\"zoomin\" data-slotamount=\"7\" data-masterspeed=\"2000\"  data-saveperformance=\"off\" >\n\t\t<!-- MAIN IMAGE -->\n\t\t<img src=\"https:\/\/art-chiemsee.com\/wordpress\/wp-content\/plugins\/revslider\/images\/dummy.png\"  alt=\"6107525_50_1412260640\" data-lazyload=\"https:\/\/art-chiemsee.com\/wordpress\/wp-content\/uploads\/2015\/07\/6107525_50_1412260640.jpg\" data-bgposition=\"center center\" data-bgfit=\"contain\" data-bgrepeat=\"no-repeat\">\n\t\t<!-- LAYERS -->\n\n\t\t<!-- LAYER NR. 1 -->\n\t\t<div class=\"tp-caption kaffee400 tp-fade fadeout tp-resizeme\" \n\t\t\t data-x=\"798\" \n\t\t\t data-y=\"565\"  \n\t\t\tdata-speed=\"1000\" \n\t\t\tdata-start=\"1000\" \n\t\t\tdata-easing=\"Linear.easeNone\" \n\t\t\tdata-splitin=\"none\" \n\t\t\tdata-splitout=\"none\" \n\t\t\tdata-elementdelay=\"0.1\" \n\t\t\tdata-endelementdelay=\"0.1\" \n\t\t\t data-end=\"3800\" \n data-endspeed=\"1200\" \n\n\t\t\tstyle=\"z-index: 5; max-width: auto; max-height: auto; white-space: nowrap;\"> \n\t\t<\/div>\n\t<\/li>\n\t<!-- SLIDE  -->\n\t<li data-transition=\"zoomin\" data-slotamount=\"7\" data-masterspeed=\"2000\"  data-saveperformance=\"off\" >\n\t\t<!-- MAIN IMAGE -->\n\t\t<img src=\"https:\/\/art-chiemsee.com\/wordpress\/wp-content\/plugins\/revslider\/images\/dummy.png\"  alt=\"maske\" data-lazyload=\"https:\/\/art-chiemsee.com\/wordpress\/wp-content\/uploads\/2015\/06\/maske.jpg\" data-bgposition=\"center center\" data-bgfit=\"contain\" data-bgrepeat=\"no-repeat\">\n\t\t<!-- LAYERS -->\n\n\t\t<!-- LAYER NR. 1 -->\n\t\t<div class=\"tp-caption kaffee400 tp-fade fadeout tp-resizeme\" \n\t\t\t data-x=\"704\" \n\t\t\t data-y=\"565\"  \n\t\t\tdata-speed=\"1000\" \n\t\t\tdata-start=\"1000\" \n\t\t\tdata-easing=\"Linear.easeNone\" \n\t\t\tdata-splitin=\"none\" \n\t\t\tdata-splitout=\"none\" \n\t\t\tdata-elementdelay=\"0.1\" \n\t\t\tdata-endelementdelay=\"0.1\" \n\t\t\t data-end=\"3800\" \n data-endspeed=\"1200\" \n\n\t\t\tstyle=\"z-index: 5; max-width: auto; max-height: auto; white-space: nowrap;\"> \n\t\t<\/div>\n\t<\/li>\n\t<!-- SLIDE  -->\n\t<li data-transition=\"zoomin\" data-slotamount=\"7\" data-masterspeed=\"2000\"  data-saveperformance=\"off\" >\n\t\t<!-- MAIN IMAGE -->\n\t\t<img src=\"https:\/\/art-chiemsee.com\/wordpress\/wp-content\/plugins\/revslider\/images\/dummy.png\"  alt=\"gefaesse\" data-lazyload=\"https:\/\/art-chiemsee.com\/wordpress\/wp-content\/uploads\/2015\/06\/gefaesse.jpg\" data-bgposition=\"center center\" data-bgfit=\"contain\" data-bgrepeat=\"no-repeat\">\n\t\t<!-- LAYERS -->\n\n\t\t<!-- LAYER NR. 1 -->\n\t\t<div class=\"tp-caption kaffee400 tp-fade fadeout tp-resizeme\" \n\t\t\t data-x=\"798\" \n\t\t\t data-y=\"565\"  \n\t\t\tdata-speed=\"1000\" \n\t\t\tdata-start=\"1000\" \n\t\t\tdata-easing=\"Linear.easeNone\" \n\t\t\tdata-splitin=\"none\" \n\t\t\tdata-splitout=\"none\" \n\t\t\tdata-elementdelay=\"0.1\" \n\t\t\tdata-endelementdelay=\"0.1\" \n\t\t\t data-end=\"3800\" \n data-endspeed=\"1200\" \n\n\t\t\tstyle=\"z-index: 5; max-width: auto; max-height: auto; white-space: nowrap;\"> \n\t\t<\/div>\n\t<\/li>\n\t<!-- SLIDE  -->\n\t<li data-transition=\"zoomin\" data-slotamount=\"7\" data-masterspeed=\"2000\"  data-saveperformance=\"off\" >\n\t\t<!-- MAIN IMAGE -->\n\t\t<img src=\"https:\/\/art-chiemsee.com\/wordpress\/wp-content\/plugins\/revslider\/images\/dummy.png\"  alt=\"Stones\" data-lazyload=\"https:\/\/art-chiemsee.com\/wordpress\/wp-content\/uploads\/2015\/07\/Stones.jpg\" data-bgposition=\"center center\" data-bgfit=\"contain\" data-bgrepeat=\"no-repeat\">\n\t\t<!-- LAYERS -->\n\n\t\t<!-- LAYER NR. 1 -->\n\t\t<div class=\"tp-caption kaffee400 tp-fade fadeout tp-resizeme\" \n\t\t\t data-x=\"731\" \n\t\t\t data-y=\"566\"  \n\t\t\tdata-speed=\"1000\" \n\t\t\tdata-start=\"0\" \n\t\t\tdata-easing=\"Linear.easeNone\" \n\t\t\tdata-splitin=\"none\" \n\t\t\tdata-splitout=\"none\" \n\t\t\tdata-elementdelay=\"0.1\" \n\t\t\tdata-endelementdelay=\"0.1\" \n\t\t\t data-endspeed=\"1200\" \n\n\t\t\tstyle=\"z-index: 5; max-width: auto; max-height: auto; white-space: nowrap;\"> \n\t\t<\/div>\n\t<\/li>\n\t<!-- SLIDE  -->\n\t<li data-transition=\"zoomin\" data-slotamount=\"7\" data-masterspeed=\"2000\"  data-saveperformance=\"off\" >\n\t\t<!-- MAIN IMAGE -->\n\t\t<img src=\"https:\/\/art-chiemsee.com\/wordpress\/wp-content\/plugins\/revslider\/images\/dummy.png\"  alt=\"citronen\" data-lazyload=\"https:\/\/art-chiemsee.com\/wordpress\/wp-content\/uploads\/2015\/06\/citronen.jpg\" data-bgposition=\"center center\" data-bgfit=\"contain\" data-bgrepeat=\"no-repeat\">\n\t\t<!-- LAYERS -->\n\n\t\t<!-- LAYER NR. 1 -->\n\t\t<div class=\"tp-caption kaffee400 tp-fade fadeout tp-resizeme\" \n\t\t\t data-x=\"511\" \n\t\t\t data-y=\"566\"  \n\t\t\tdata-speed=\"1000\" \n\t\t\tdata-start=\"0\" \n\t\t\tdata-easing=\"Linear.easeNone\" \n\t\t\tdata-splitin=\"none\" \n\t\t\tdata-splitout=\"none\" \n\t\t\tdata-elementdelay=\"0.1\" \n\t\t\tdata-endelementdelay=\"0.1\" \n\t\t\t data-endspeed=\"1200\" \n\n\t\t\tstyle=\"z-index: 5; max-width: auto; max-height: auto; white-space: nowrap;\"> \n\t\t<\/div>\n\t<\/li>\n\t<!-- SLIDE  -->\n\t<li data-transition=\"zoomin\" data-slotamount=\"7\" data-masterspeed=\"2000\"  data-saveperformance=\"off\" >\n\t\t<!-- MAIN IMAGE -->\n\t\t<img src=\"https:\/\/art-chiemsee.com\/wordpress\/wp-content\/plugins\/revslider\/images\/dummy.png\"  alt=\"akt\" data-lazyload=\"https:\/\/art-chiemsee.com\/wordpress\/wp-content\/uploads\/2015\/07\/akt.jpg\" data-bgposition=\"center center\" data-bgfit=\"contain\" data-bgrepeat=\"no-repeat\">\n\t\t<!-- LAYERS -->\n\n\t\t<!-- LAYER NR. 1 -->\n\t\t<div class=\"tp-caption kaffee400 tp-fade fadeout tp-resizeme\" \n\t\t\t data-x=\"798\" \n\t\t\t data-y=\"565\"  \n\t\t\tdata-speed=\"1000\" \n\t\t\tdata-start=\"1000\" \n\t\t\tdata-easing=\"Linear.easeNone\" \n\t\t\tdata-splitin=\"none\" \n\t\t\tdata-splitout=\"none\" \n\t\t\tdata-elementdelay=\"0.1\" \n\t\t\tdata-endelementdelay=\"0.1\" \n\t\t\t data-end=\"3800\" \n data-endspeed=\"1200\" \n\n\t\t\tstyle=\"z-index: 5; max-width: auto; max-height: auto; white-space: nowrap;\"> \n\t\t<\/div>\n\t<\/li>\n\t<!-- SLIDE  -->\n\t<li data-transition=\"zoomin\" data-slotamount=\"7\" data-masterspeed=\"2000\"  data-saveperformance=\"off\" >\n\t\t<!-- MAIN IMAGE -->\n\t\t<img src=\"https:\/\/art-chiemsee.com\/wordpress\/wp-content\/plugins\/revslider\/images\/dummy.png\"  alt=\"amphorefenster\" data-lazyload=\"https:\/\/art-chiemsee.com\/wordpress\/wp-content\/uploads\/2015\/06\/amphorefenster.jpg\" data-bgposition=\"center center\" data-bgfit=\"contain\" data-bgrepeat=\"no-repeat\">\n\t\t<!-- LAYERS -->\n\n\t\t<!-- LAYER NR. 1 -->\n\t\t<div class=\"tp-caption kaffee400 tp-fade fadeout tp-resizeme\" \n\t\t\t data-x=\"798\" \n\t\t\t data-y=\"565\"  \n\t\t\tdata-speed=\"1000\" \n\t\t\tdata-start=\"1000\" \n\t\t\tdata-easing=\"Linear.easeNone\" \n\t\t\tdata-splitin=\"none\" \n\t\t\tdata-splitout=\"none\" \n\t\t\tdata-elementdelay=\"0.1\" \n\t\t\tdata-endelementdelay=\"0.1\" \n\t\t\t data-end=\"3800\" \n data-endspeed=\"1200\" \n\n\t\t\tstyle=\"z-index: 5; max-width: auto; max-height: auto; white-space: nowrap;\"> \n\t\t<\/div>\n\t<\/li>\n\t<!-- SLIDE  -->\n\t<li data-transition=\"zoomin\" data-slotamount=\"7\" data-masterspeed=\"2000\"  data-saveperformance=\"off\" >\n\t\t<!-- MAIN IMAGE -->\n\t\t<img src=\"https:\/\/art-chiemsee.com\/wordpress\/wp-content\/plugins\/revslider\/images\/dummy.png\"  alt=\"pap\" data-lazyload=\"https:\/\/art-chiemsee.com\/wordpress\/wp-content\/uploads\/2015\/07\/pap.jpg\" data-bgposition=\"center center\" data-bgfit=\"contain\" data-bgrepeat=\"no-repeat\">\n\t\t<!-- LAYERS -->\n\n\t\t<!-- LAYER NR. 1 -->\n\t\t<div class=\"tp-caption kaffee400 tp-fade fadeout tp-resizeme\" \n\t\t\t data-x=\"798\" \n\t\t\t data-y=\"565\"  \n\t\t\tdata-speed=\"1000\" \n\t\t\tdata-start=\"1000\" \n\t\t\tdata-easing=\"Linear.easeNone\" \n\t\t\tdata-splitin=\"none\" \n\t\t\tdata-splitout=\"none\" \n\t\t\tdata-elementdelay=\"0.1\" \n\t\t\tdata-endelementdelay=\"0.1\" \n\t\t\t data-end=\"3800\" \n data-endspeed=\"1200\" \n\n\t\t\tstyle=\"z-index: 5; max-width: auto; max-height: auto; white-space: nowrap;\"> \n\t\t<\/div>\n\t<\/li>\n\t<!-- SLIDE  -->\n\t<li data-transition=\"zoomin\" data-slotamount=\"7\" data-masterspeed=\"2000\"  data-saveperformance=\"off\" >\n\t\t<!-- MAIN IMAGE -->\n\t\t<img src=\"https:\/\/art-chiemsee.com\/wordpress\/wp-content\/plugins\/revslider\/images\/dummy.png\"  alt=\"ban\" data-lazyload=\"https:\/\/art-chiemsee.com\/wordpress\/wp-content\/uploads\/2015\/07\/ban.jpg\" data-bgposition=\"center center\" data-bgfit=\"contain\" data-bgrepeat=\"no-repeat\">\n\t\t<!-- LAYERS -->\n\n\t\t<!-- LAYER NR. 1 -->\n\t\t<div class=\"tp-caption kaffee400 tp-fade fadeout tp-resizeme\" \n\t\t\t data-x=\"798\" \n\t\t\t data-y=\"565\"  \n\t\t\tdata-speed=\"1000\" \n\t\t\tdata-start=\"1000\" \n\t\t\tdata-easing=\"Linear.easeNone\" \n\t\t\tdata-splitin=\"none\" \n\t\t\tdata-splitout=\"none\" \n\t\t\tdata-elementdelay=\"0.1\" \n\t\t\tdata-endelementdelay=\"0.1\" \n\t\t\t data-end=\"3800\" \n data-endspeed=\"1200\" \n\n\t\t\tstyle=\"z-index: 5; max-width: auto; max-height: auto; white-space: nowrap;\"> \n\t\t<\/div>\n\t<\/li>\n\t<!-- SLIDE  -->\n\t<li data-transition=\"zoomin\" data-slotamount=\"7\" data-masterspeed=\"2000\"  data-saveperformance=\"off\" >\n\t\t<!-- MAIN IMAGE -->\n\t\t<img src=\"https:\/\/art-chiemsee.com\/wordpress\/wp-content\/plugins\/revslider\/images\/dummy.png\"  alt=\"zwi\" data-lazyload=\"https:\/\/art-chiemsee.com\/wordpress\/wp-content\/uploads\/2015\/07\/zwi.jpg\" data-bgposition=\"center center\" data-bgfit=\"contain\" data-bgrepeat=\"no-repeat\">\n\t\t<!-- LAYERS -->\n\n\t\t<!-- LAYER NR. 1 -->\n\t\t<div class=\"tp-caption kaffee400 tp-fade fadeout tp-resizeme\" \n\t\t\t data-x=\"798\" \n\t\t\t data-y=\"565\"  \n\t\t\tdata-speed=\"1000\" \n\t\t\tdata-start=\"1000\" \n\t\t\tdata-easing=\"Linear.easeNone\" \n\t\t\tdata-splitin=\"none\" \n\t\t\tdata-splitout=\"none\" \n\t\t\tdata-elementdelay=\"0.1\" \n\t\t\tdata-endelementdelay=\"0.1\" \n\t\t\t data-end=\"3800\" \n data-endspeed=\"1200\" \n\n\t\t\tstyle=\"z-index: 5; max-width: auto; max-height: auto; white-space: nowrap;\"> \n\t\t<\/div>\n\t<\/li>\n<\/ul>\n<div class=\"tp-bannertimer tp-bottom\" style=\"visibility: hidden !important;\"><\/div>\t<\/div>\n\t\t\t\n\n\t\t\t<style scoped>.tp-caption.kaffee400,.kaffee400{font-size:29px;line-height:46px;font-weight:400;font-family:\"Yanone Kaffeesatz\";color:rgb(255,255,255);text-decoration:none;background-color:transparent;border-width:0px;border-color:rgb(255,214,88);border-style:none}<\/style>\n\n\t\t\t<script type=\"text\/javascript\">\n\n\t\t\t\t\/******************************************\n\t\t\t\t\t-\tPREPARE PLACEHOLDER FOR SLIDER\t-\n\t\t\t\t******************************************\/\n\t\t\t\t\n\n\t\t\t\tvar setREVStartSize = function() {\n\t\t\t\t\tvar\ttpopt = new Object();\n\t\t\t\t\t\ttpopt.startwidth = 1000;\n\t\t\t\t\t\ttpopt.startheight = 700;\n\t\t\t\t\t\ttpopt.container = jQuery('#rev_slider_3_1');\n\t\t\t\t\t\ttpopt.fullScreen = \"off\";\n\t\t\t\t\t\ttpopt.forceFullWidth=\"on\";\n\n\t\t\t\t\ttpopt.container.closest(\".rev_slider_wrapper\").css({height:tpopt.container.height()});tpopt.width=parseInt(tpopt.container.width(),0);tpopt.height=parseInt(tpopt.container.height(),0);tpopt.bw=tpopt.width\/tpopt.startwidth;tpopt.bh=tpopt.height\/tpopt.startheight;if(tpopt.bh>tpopt.bw)tpopt.bh=tpopt.bw;if(tpopt.bh<tpopt.bw)tpopt.bw=tpopt.bh;if(tpopt.bw<tpopt.bh)tpopt.bh=tpopt.bw;if(tpopt.bh>1){tpopt.bw=1;tpopt.bh=1}if(tpopt.bw>1){tpopt.bw=1;tpopt.bh=1}tpopt.height=Math.round(tpopt.startheight*(tpopt.width\/tpopt.startwidth));if(tpopt.height>tpopt.startheight&&tpopt.autoHeight!=\"on\")tpopt.height=tpopt.startheight;if(tpopt.fullScreen==\"on\"){tpopt.height=tpopt.bw*tpopt.startheight;var cow=tpopt.container.parent().width();var coh=jQuery(window).height();if(tpopt.fullScreenOffsetContainer!=undefined){try{var offcontainers=tpopt.fullScreenOffsetContainer.split(\",\");jQuery.each(offcontainers,function(e,t){coh=coh-jQuery(t).outerHeight(true);if(coh<tpopt.minFullScreenHeight)coh=tpopt.minFullScreenHeight})}catch(e){}}tpopt.container.parent().height(coh);tpopt.container.height(coh);tpopt.container.closest(\".rev_slider_wrapper\").height(coh);tpopt.container.closest(\".forcefullwidth_wrapper_tp_banner\").find(\".tp-fullwidth-forcer\").height(coh);tpopt.container.css({height:\"100%\"});tpopt.height=coh;}else{tpopt.container.height(tpopt.height);tpopt.container.closest(\".rev_slider_wrapper\").height(tpopt.height);tpopt.container.closest(\".forcefullwidth_wrapper_tp_banner\").find(\".tp-fullwidth-forcer\").height(tpopt.height);}\n\t\t\t\t};\n\n\t\t\t\t\/* CALL PLACEHOLDER *\/\n\t\t\t\tsetREVStartSize();\n\n\n\t\t\t\tvar tpj=jQuery;\n\t\t\t\ttpj.noConflict();\n\t\t\t\tvar revapi3;\n\n\t\t\t\ttpj(document).ready(function() {\n\n\t\t\t\tif(tpj('#rev_slider_3_1').revolution == undefined){\n\t\t\t\t\trevslider_showDoubleJqueryError('#rev_slider_3_1');\n\t\t\t\t}else{\n\t\t\t\t   revapi3 = tpj('#rev_slider_3_1').show().revolution(\n\t\t\t\t\t{\t\n\t\t\t\t\t\t\t\t\t\t\t\tdottedOverlay:\"none\",\n\t\t\t\t\t\tdelay:6000,\n\t\t\t\t\t\tstartwidth:1000,\n\t\t\t\t\t\tstartheight:700,\n\t\t\t\t\t\thideThumbs:200,\n\n\t\t\t\t\t\tthumbWidth:100,\n\t\t\t\t\t\tthumbHeight:50,\n\t\t\t\t\t\tthumbAmount:5,\n\t\t\t\t\t\t\n\t\t\t\t\t\t\t\t\t\t\t\t\n\t\t\t\t\t\tsimplifyAll:\"off\",\n\n\t\t\t\t\t\tnavigationType:\"bullet\",\n\t\t\t\t\t\tnavigationArrows:\"solo\",\n\t\t\t\t\t\tnavigationStyle:\"round\",\n\n\t\t\t\t\t\ttouchenabled:\"on\",\n\t\t\t\t\t\tonHoverStop:\"on\",\n\t\t\t\t\t\tnextSlideOnWindowFocus:\"off\",\n\n\t\t\t\t\t\tswipe_threshold: 75,\n\t\t\t\t\t\tswipe_min_touches: 1,\n\t\t\t\t\t\tdrag_block_vertical: false,\n\t\t\t\t\t\t\n\t\t\t\t\t\t\t\t\t\t\t\t\n\t\t\t\t\t\t\t\t\t\t\t\t\n\t\t\t\t\t\tkeyboardNavigation:\"on\",\n\n\t\t\t\t\t\tnavigationHAlign:\"center\",\n\t\t\t\t\t\tnavigationVAlign:\"bottom\",\n\t\t\t\t\t\tnavigationHOffset:0,\n\t\t\t\t\t\tnavigationVOffset:20,\n\n\t\t\t\t\t\tsoloArrowLeftHalign:\"left\",\n\t\t\t\t\t\tsoloArrowLeftValign:\"center\",\n\t\t\t\t\t\tsoloArrowLeftHOffset:20,\n\t\t\t\t\t\tsoloArrowLeftVOffset:0,\n\n\t\t\t\t\t\tsoloArrowRightHalign:\"right\",\n\t\t\t\t\t\tsoloArrowRightValign:\"center\",\n\t\t\t\t\t\tsoloArrowRightHOffset:20,\n\t\t\t\t\t\tsoloArrowRightVOffset:0,\n\n\t\t\t\t\t\tshadow:0,\n\t\t\t\t\t\tfullWidth:\"on\",\n\t\t\t\t\t\tfullScreen:\"off\",\n\n\t\t\t\t\t\t\t\t\t\t\t\tspinner:\"spinner4\",\n\t\t\t\t\t\t\t\t\t\t\t\t\n\t\t\t\t\t\tstopLoop:\"off\",\n\t\t\t\t\t\tstopAfterLoops:-1,\n\t\t\t\t\t\tstopAtSlide:-1,\n\n\t\t\t\t\t\tshuffle:\"off\",\n\n\t\t\t\t\t\tautoHeight:\"off\",\n\t\t\t\t\t\tforceFullWidth:\"on\",\n\t\t\t\t\t\t\n\t\t\t\t\t\t\n\t\t\t\t\t\thideTimerBar:\"on\",\n\t\t\t\t\t\thideThumbsOnMobile:\"off\",\n\t\t\t\t\t\thideNavDelayOnMobile:1500,\n\t\t\t\t\t\thideBulletsOnMobile:\"off\",\n\t\t\t\t\t\thideArrowsOnMobile:\"off\",\n\t\t\t\t\t\thideThumbsUnderResolution:0,\n\n\t\t\t\t\t\t\t\t\t\t\t\thideSliderAtLimit:0,\n\t\t\t\t\t\thideCaptionAtLimit:0,\n\t\t\t\t\t\thideAllCaptionAtLilmit:0,\n\t\t\t\t\t\tstartWithSlide:0\t\t\t\t\t});\n\n\n\n\t\t\t\t\t\t\t\t\t}\n\t\t\t\t});\t\/*ready*\/\n\n\t\t\t<\/script>\n\n\n\t\t\t<style type=\"text\/css\">\n\t#rev_slider_3_1_wrapper .tp-loader.spinner4 div { background-color: #FFFFFF !important; }\n<\/style>\n<\/div><!-- END REVOLUTION SLIDER --><\/div>\n\n\t\t<\/div> \n\t<\/div> \n<\/div><div style=\"background-color: ; background-image: url();\" class=\"main-row wpb_row vc_row-fluid        \">\n\t<div class=\"vc_span8 wpb_column column_container\">\n\t\t<div class=\"wpb_wrapper\">\n\t\t\t\n\t<div class=\"wpb_text_column wpb_content_element \">\n\t\t<div class=\"wpb_wrapper\">\n\t\t\t<p><strong>GEGENST\u00c4NDLICHE MALEREI<\/strong><\/p>\n<p>Das gegenst\u00e4ndliche Malen geht in der Symbiose mit der Abstraktion f\u00fcr mich einher. Ich brauche zuerst immer die Form, dann beginnt der Prozess der Abstraktion. Auch die Gegenst\u00e4ndlichkeit wird in diesem Prozess zur Abstraktion. Im Verlassen der Form oder der neuen Definition der Farbe. Meine gegenst\u00e4ndlichen Arbeiten sind immer auch ein Teil meiner abstrakten Bildwelten.<\/p>\n<p>Techniken: Acryl, Aquarell, \u00d6l-, Graphit &amp; Pastellkreiden.<br \/>\nFormate: Von der kleinen Skizze bis zu gro\u00dfen Formaten bis 150 cm, Leinwand oder Papier.<\/p>\n<p>Formate und Technik folgen noch in separater PDF.<br \/>\nPreise auf Anfrage.<\/p>\n\n\t\t<\/div> \n\t<\/div> \n\t\t<\/div> \n\t<\/div> \n\n\t<div class=\"vc_span4 wpb_column column_container\">\n\t\t<div class=\"wpb_wrapper\">\n\t\t\t\n\t<div class=\"wpb_single_image wpb_content_element vc_align_right\">\n\t\t<div class=\"wpb_wrapper\">\n\t\t\t\n\t\t\t<img width=\"634\" height=\"953\" src=\"https:\/\/art-chiemsee.com\/wordpress\/wp-content\/uploads\/2015\/06\/annembatle_mall-681x1024.jpg\" class=\"attachment-large size-large\" alt=\"\" loading=\"lazy\" srcset=\"https:\/\/art-chiemsee.com\/wordpress\/wp-content\/uploads\/2015\/06\/annembatle_mall-681x1024.jpg 681w, https:\/\/art-chiemsee.com\/wordpress\/wp-content\/uploads\/2015\/06\/annembatle_mall-200x300.jpg 200w, https:\/\/art-chiemsee.com\/wordpress\/wp-content\/uploads\/2015\/06\/annembatle_mall.jpg 1339w\" sizes=\"(max-width: 634px) 100vw, 634px\" \/>\n\t\t<\/div> \n\t<\/div> \n\t\t<\/div> \n\t<\/div> \n<\/div>\n","protected":false},"excerpt":{"rendered":".tp-caption.kaffee400,.kaffee400{font-size:29px;line-height:46px;font-weight:400;font-family:\"Yanone Kaffeesatz\";color:rgb(255,255,255);text-decoration:none;background-color:transparent;border-width:0px;border-color:rgb(255,214,88);border-style:none} \/****************************************** - PREPARE PLACEHOLDER FOR SLIDER - ******************************************\/ var setREVStartSize = function() { var tpopt = new Object(); tpopt.startwidth = 1000; tpopt.startheight = 700; tpopt.container = jQuery('#rev_slider_3_2'); tpopt.fullScreen = \"off\"; tpopt.forceFullWidth=\"on\"; tpopt.container.closest(\".rev_slider_wrapper\").css({height:tpopt.container.height()});tpopt.width=parseInt(tpopt.container.width(),0);tpopt.height=parseInt(tpopt.container.height(),0);tpopt.bw=tpopt.width\/tpopt.startwidth;tpopt.bh=tpopt.height\/tpopt.startheight;if(tpopt.bh>tpopt.bw)tpopt.bh=tpopt.bw;if(tpopt.bh1){tpopt.bw=1;tpopt.bh=1}tpopt.height=Math.round(tpopt.startheight*(tpopt.width\/tpopt.startwidth));if(tpopt.height>tpopt.startheight&&tpopt.autoHeight!=\"on\")tpopt.height=tpopt.startheight;if(tpopt.fullScreen==\"on\"){tpopt.height=tpopt.bw*tpopt.startheight;var cow=tpopt.container.parent().width();var coh=jQuery(window).height();if(tpopt.fullScreenOffsetContainer!=undefined){try{var offcontainers=tpopt.fullScreenOffsetContainer.split(\",\");jQuery.each(offcontainers,function(e,t){coh=coh-jQuery(t).outerHeight(true);if(coh","protected":false},"author":2,"featured_media":0,"parent":0,"menu_order":0,"comment_status":"open","ping_status":"open","template":"","meta":[],"_links":{"self":[{"href":"https:\/\/art-chiemsee.com\/wordpress\/index.php?rest_route=\/wp\/v2\/pages\/12"}],"collection":[{"href":"https:\/\/art-chiemsee.com\/wordpress\/index.php?rest_route=\/wp\/v2\/pages"}],"about":[{"href":"https:\/\/art-chiemsee.com\/wordpress\/index.php?rest_route=\/wp\/v2\/types\/page"}],"author":[{"embeddable":true,"href":"https:\/\/art-chiemsee.com\/wordpress\/index.php?rest_route=\/wp\/v2\/users\/2"}],"replies":[{"embeddable":true,"href":"https:\/\/art-chiemsee.com\/wordpress\/index.php?rest_route=%2Fwp%2Fv2%2Fcomments&post=12"}],"version-history":[{"count":10,"href":"https:\/\/art-chiemsee.com\/wordpress\/index.php?rest_route=\/wp\/v2\/pages\/12\/revisions"}],"predecessor-version":[{"id":330,"href":"https:\/\/art-chiemsee.com\/wordpress\/index.php?rest_route=\/wp\/v2\/pages\/12\/revisions\/330"}],"wp:attachment":[{"href":"https:\/\/art-chiemsee.com\/wordpress\/index.php?rest_route=%2Fwp%2Fv2%2Fmedia&parent=12"}],"curies":[{"name":"wp","href":"https:\/\/api.w.org\/{rel}","templated":true}]}}