{"id":47,"date":"2015-06-06T14:08:14","date_gmt":"2015-06-06T14:08:14","guid":{"rendered":"http:\/\/art-chiemsee.com\/wordpress\/?page_id=47"},"modified":"2017-08-19T09:01:54","modified_gmt":"2017-08-19T09:01:54","slug":"vita","status":"publish","type":"page","link":"https:\/\/art-chiemsee.com\/wordpress\/?page_id=47","title":{"rendered":"VITA"},"content":{"rendered":"<div style=\"background-color: #efefef; background-image: url();\" class=\"main-row wpb_row vc_row-fluid  full-width      \">\n\t<div class=\"vc_span6 wpb_column column_container\">\n\t\t<div class=\"wpb_wrapper\">\n\t\t\t\n\t<div class=\"wpb_tabs wpb_content_element\" data-interval=\"0\">\n\t\t<div class=\"wpb_wrapper wpb_tour_tabs_wrapper ui-tabs clearfix\">\n\t\t\t<ul class=\"wpb_tabs_nav ui-tabs-nav clearfix\"><li><a href=\"#tab-1435670617-1-5\">VITA<\/a><\/li><li><a href=\"#tab-1435670617-2-24\">AUSSTELLUNGEN<\/a><\/li><li><a href=\"#tab-1435904564766-2-7\">MEDIA<\/a><\/li><li><a href=\"#tab-1436020872989-3-1\">Facebook<\/a><\/li><\/ul>\n\n\t\t\t\n\t\t\t<div id=\"tab-1435670617-1-5\" class=\"wpb_tab ui-tabs-panel wpb_ui-tabs-hide clearfix\">\n\t\t\t\t\n\t<div class=\"wpb_text_column wpb_content_element \">\n\t\t<div class=\"wpb_wrapper\">\n\t\t\t<p>Geboren 1967 in Berlin-Sch\u00f6neberg.<br \/>\nAusbildung zur Grafikerin in N\u00fcrnberg.<br \/>\nAusbildung an der Kunstakademie Bad Reichenhall.<br \/>\nArbeiten in verschiedenen Werbeagenturen.<br \/>\nSeit 2001 selbst\u00e4ndige Grafikdesignerin und Malerin.<br \/>\nLebt und arbeitet seit 2010 in Prien am Chiemsee<\/p>\n<p>Im August 2004 bekommt sie die staatliche Anerkennung durch die K\u00fcnstlerkommission des Bundesministeriums in Wien als Bildender K\u00fcnstler.<\/p>\n<p>Von 2004 bis Sommer 2010 lebte und arbeitete sie in St. Ulrich am Pillersee\/Tirol.<br \/>\nSie leitete von 2007 bis 2016 den St. Johanner Kunstverein \u201eteamArt04\u201c.<\/p>\n<p>Arbeitsgebiet:<br \/>\nMalerei, Mischtechniken, Drucktechniken<\/p>\n\n\t\t<\/div> \n\t<\/div> \n\t\t\t<\/div> \n\t\t\t<div id=\"tab-1435670617-2-24\" class=\"wpb_tab ui-tabs-panel wpb_ui-tabs-hide clearfix\">\n\t\t\t\t\n\t<div class=\"wpb_text_column wpb_content_element \">\n\t\t<div class=\"wpb_wrapper\">\n\t\t\t<p>Zahlreiche Ausstellungen in Deutschland, \u00d6sterreich, Kroatien und Griechenland.<br \/>\nDauerausstellung im Sozialzentrum Pillerseetal, Tirol AT (Kunst am Bau).<\/p>\n<p>Spezielles:<br \/>\n2006 Eigenpr\u00e4senz auf der Kunstmesse &#8222;Art Salzburg&#8220;<br \/>\n2011 Kunst am Bau: Auftragsarbeit f\u00fcr das neue Sozialzentrum Pillersee\/Tirol (17 Gro\u00dfformate auf ca. 7000 m\u00b2)<br \/>\nRegelm\u00e4\u00dfige Organisation und Leitung von Kunst-Workshops im In- und Ausland.<\/p>\n\n\t\t<\/div> \n\t<\/div> \n\t\t\t<\/div> \n\t\t\t<div id=\"tab-1435904564766-2-7\" class=\"wpb_tab ui-tabs-panel wpb_ui-tabs-hide clearfix\">\n\t\t\t\t\n\t<div class=\"wpb_gallery wpb_content_element clearfix\">\n\t\t<div class=\"wpb_wrapper\"><div class=\"wpb_gallery_slides wpb_image_grid\" data-interval=\"3\"><ul class=\"wpb_image_grid_ul\"><li class=\"isotope-item\"><a class=\"prettyphoto\" href=\"https:\/\/art-chiemsee.com\/wordpress\/wp-content\/uploads\/2015\/07\/anneunddievoegel_01_k-1024x681.jpg\" rel=\"prettyPhoto[rel-1927152161]\"><img width=\"150\" height=\"150\" src=\"https:\/\/art-chiemsee.com\/wordpress\/wp-content\/uploads\/2015\/07\/anneunddievoegel_01_k-150x150.jpg\" class=\"attachment-thumbnail size-thumbnail\" alt=\"\" loading=\"lazy\" \/><\/a><\/li><li class=\"isotope-item\"><a class=\"prettyphoto\" href=\"https:\/\/art-chiemsee.com\/wordpress\/wp-content\/uploads\/2015\/07\/anne_steg01_k-1024x681.jpg\" rel=\"prettyPhoto[rel-1927152161]\"><img width=\"150\" height=\"150\" src=\"https:\/\/art-chiemsee.com\/wordpress\/wp-content\/uploads\/2015\/07\/anne_steg01_k-150x150.jpg\" class=\"attachment-thumbnail size-thumbnail\" alt=\"\" loading=\"lazy\" \/><\/a><\/li><li class=\"isotope-item\"><a class=\"prettyphoto\" href=\"https:\/\/art-chiemsee.com\/wordpress\/wp-content\/uploads\/2015\/07\/anneprivat_k-1024x682.jpg\" rel=\"prettyPhoto[rel-1927152161]\"><img width=\"150\" height=\"150\" src=\"https:\/\/art-chiemsee.com\/wordpress\/wp-content\/uploads\/2015\/07\/anneprivat_k-150x150.jpg\" class=\"attachment-thumbnail size-thumbnail\" alt=\"\" loading=\"lazy\" \/><\/a><\/li><li class=\"isotope-item\"><a class=\"prettyphoto\" href=\"https:\/\/art-chiemsee.com\/wordpress\/wp-content\/uploads\/2015\/07\/anne_treppe-1024x681.jpg\" rel=\"prettyPhoto[rel-1927152161]\"><img width=\"150\" height=\"150\" src=\"https:\/\/art-chiemsee.com\/wordpress\/wp-content\/uploads\/2015\/07\/anne_treppe-150x150.jpg\" class=\"attachment-thumbnail size-thumbnail\" alt=\"\" loading=\"lazy\" \/><\/a><\/li><li class=\"isotope-item\"><a class=\"prettyphoto\" href=\"https:\/\/art-chiemsee.com\/wordpress\/wp-content\/uploads\/2015\/07\/Anne-1024x682.jpg\" rel=\"prettyPhoto[rel-1927152161]\"><img width=\"150\" height=\"150\" src=\"https:\/\/art-chiemsee.com\/wordpress\/wp-content\/uploads\/2015\/07\/Anne-150x150.jpg\" class=\"attachment-thumbnail size-thumbnail\" alt=\"\" loading=\"lazy\" \/><\/a><\/li><li class=\"isotope-item\"><a class=\"prettyphoto\" href=\"https:\/\/art-chiemsee.com\/wordpress\/wp-content\/uploads\/2015\/06\/DSC03671-1024x681.jpg\" rel=\"prettyPhoto[rel-1927152161]\"><img width=\"150\" height=\"150\" src=\"https:\/\/art-chiemsee.com\/wordpress\/wp-content\/uploads\/2015\/06\/DSC03671-150x150.jpg\" class=\"attachment-thumbnail size-thumbnail\" alt=\"\" loading=\"lazy\" \/><\/a><\/li><li class=\"isotope-item\"><a class=\"prettyphoto\" href=\"https:\/\/art-chiemsee.com\/wordpress\/wp-content\/uploads\/2015\/06\/anne_wle-1024x755.jpg\" rel=\"prettyPhoto[rel-1927152161]\"><img width=\"150\" height=\"150\" src=\"https:\/\/art-chiemsee.com\/wordpress\/wp-content\/uploads\/2015\/06\/anne_wle-150x150.jpg\" class=\"attachment-thumbnail size-thumbnail\" alt=\"\" loading=\"lazy\" \/><\/a><\/li><li class=\"isotope-item\"><a class=\"prettyphoto\" href=\"https:\/\/art-chiemsee.com\/wordpress\/wp-content\/uploads\/2015\/07\/4071617_30_1366660764-1024x734.jpg\" rel=\"prettyPhoto[rel-1927152161]\"><img width=\"150\" height=\"150\" src=\"https:\/\/art-chiemsee.com\/wordpress\/wp-content\/uploads\/2015\/07\/4071617_30_1366660764-150x150.jpg\" class=\"attachment-thumbnail size-thumbnail\" alt=\"\" loading=\"lazy\" \/><\/a><\/li><li class=\"isotope-item\"><a class=\"prettyphoto\" href=\"https:\/\/art-chiemsee.com\/wordpress\/wp-content\/uploads\/2015\/06\/DSC03691-1024x681.jpg\" rel=\"prettyPhoto[rel-1927152161]\"><img width=\"150\" height=\"150\" src=\"https:\/\/art-chiemsee.com\/wordpress\/wp-content\/uploads\/2015\/06\/DSC03691-150x150.jpg\" class=\"attachment-thumbnail size-thumbnail\" alt=\"\" loading=\"lazy\" \/><\/a><\/li><\/ul><\/div>\n\t\t<\/div> \n\t<\/div> \n\t\t\t<\/div> \n\t\t\t<div id=\"tab-1436020872989-3-1\" class=\"wpb_tab ui-tabs-panel wpb_ui-tabs-hide clearfix\">\n\t\t\t\t<div class=\"fb_like wpb_content_element fb_type_standard\"><iframe src=\"http:\/\/www.facebook.com\/plugins\/like.php?href=https:\/\/art-chiemsee.com\/wordpress\/?page_id=47&amp;layout=standard&amp;show_faces=false&amp;action=like&amp;colorscheme=light\" scrolling=\"no\" frameborder=\"0\" allowTransparency=\"true\"><\/iframe><\/div>\n<a class=\"wpb_button_a\" title=\"facebookprofil\" href=\"https:\/\/www.facebook.com\/anne.stilper\" target=\"_blank\"><span class=\"wpb_button  wpb_wpb_button wpb_regularsize wpb_balloon_facebook\">facebookprofil <i class=\"icon\"> <\/i><\/span><\/a>\n\n\t\t\t<\/div> \n\t\t<\/div> \n\t<\/div> \n\t\t<\/div> \n\t<\/div> \n\n\t<div class=\"vc_span6 wpb_column column_container\">\n\t\t<div class=\"wpb_wrapper\">\n\t\t\t\n\t<div class=\"wpb_single_image wpb_content_element wpb_animate_when_almost_visible wpb_appear vc_align_right\">\n\t\t<div class=\"wpb_wrapper\">\n\t\t\t\n\t\t\t<img src=\"https:\/\/art-chiemsee.com\/wordpress\/wp-content\/uploads\/2015\/07\/anne_treppe-450x700.jpg\" width=\"450\" height=\"700\" alt=\"SONY DSC\" \/>\n\t\t<\/div> \n\t<\/div> \n\t\t<\/div> \n\t<\/div> \n<\/div>\n","protected":false},"excerpt":{"rendered":"VITAAUSSTELLUNGENMEDIAFacebook Geboren 1967 in Berlin-Sch\u00f6neberg. Ausbildung zur Grafikerin in N\u00fcrnberg. Ausbildung an der Kunstakademie Bad Reichenhall. Arbeiten in verschiedenen Werbeagenturen. Seit 2001 selbst\u00e4ndige Grafikdesignerin und Malerin. Lebt und arbeitet seit 2010 in Prien am Chiemsee Im August 2004 bekommt sie die staatliche Anerkennung durch die K\u00fcnstlerkommission des Bundesministeriums in Wien als Bildender K\u00fcnstler. Von 2004 bis Sommer 2010 lebte und arbeitete sie in St. Ulrich am Pillersee\/Tirol. Sie leitete von 2007 bis 2016 den St. Johanner Kunstverein \u201eteamArt04\u201c. Arbeitsgebiet: Malerei, Mischtechniken, Drucktechniken Zahlreiche Ausstellungen in Deutschland, \u00d6sterreich, Kroatien und Griechenland. Dauerausstellung im Sozialzentrum Pillerseetal, Tirol AT (Kunst am Bau). Spezielles: 2006 Eigenpr\u00e4senz auf der Kunstmesse \"Art Salzburg\" 2011 Kunst am Bau: Auftragsarbeit f\u00fcr das neue Sozialzentrum Pillersee\/Tirol (17 Gro\u00dfformate auf ca. 7000 m\u00b2) Regelm\u00e4\u00dfige Organisation und Leitung von Kunst-Workshops im In- und Ausland. facebookprofil","protected":false},"author":2,"featured_media":0,"parent":0,"menu_order":0,"comment_status":"open","ping_status":"open","template":"","meta":[],"_links":{"self":[{"href":"https:\/\/art-chiemsee.com\/wordpress\/index.php?rest_route=\/wp\/v2\/pages\/47"}],"collection":[{"href":"https:\/\/art-chiemsee.com\/wordpress\/index.php?rest_route=\/wp\/v2\/pages"}],"about":[{"href":"https:\/\/art-chiemsee.com\/wordpress\/index.php?rest_route=\/wp\/v2\/types\/page"}],"author":[{"embeddable":true,"href":"https:\/\/art-chiemsee.com\/wordpress\/index.php?rest_route=\/wp\/v2\/users\/2"}],"replies":[{"embeddable":true,"href":"https:\/\/art-chiemsee.com\/wordpress\/index.php?rest_route=%2Fwp%2Fv2%2Fcomments&post=47"}],"version-history":[{"count":22,"href":"https:\/\/art-chiemsee.com\/wordpress\/index.php?rest_route=\/wp\/v2\/pages\/47\/revisions"}],"predecessor-version":[{"id":355,"href":"https:\/\/art-chiemsee.com\/wordpress\/index.php?rest_route=\/wp\/v2\/pages\/47\/revisions\/355"}],"wp:attachment":[{"href":"https:\/\/art-chiemsee.com\/wordpress\/index.php?rest_route=%2Fwp%2Fv2%2Fmedia&parent=47"}],"curies":[{"name":"wp","href":"https:\/\/api.w.org\/{rel}","templated":true}]}}